{"id":880,"date":"2018-05-29T11:10:26","date_gmt":"2018-05-29T11:10:26","guid":{"rendered":"http:\/\/xtratheme.com\/default\/?page_id=4"},"modified":"2022-07-02T13:20:55","modified_gmt":"2022-07-02T11:20:55","slug":"home","status":"publish","type":"page","link":"https:\/\/vitalabtunisie.com\/","title":{"rendered":"Accueil"},"content":{"rendered":"<p>[vc_row full_width=&#8221;stretch_row&#8221; css=&#8221;.vc_custom_1587187623931{padding-top: 100px !important;background-color: #0456b3 !important;}&#8221;][vc_column][vc_row_inner][vc_column_inner width=&#8221;1\/4&#8243; offset=&#8221;vc_col-md-1\/4&#8243;]<div class=\"fx_up_hover\"><div id=\"cz_101108\" class=\"cz_101108 services clr style11 cz_sbi_fx_10 services_b\"><div class=\"service_img services_img_have_hover\"><img decoding=\"async\" width=\"128\" height=\"128\" src=\"https:\/\/vitalabtunisie.com\/wp-content\/uploads\/2022\/06\/factory1.png\" class=\"service-icon attachment-thumbnail\" alt=\"\" title=\"factory(1)\" \/><img decoding=\"async\" width=\"128\" height=\"128\" src=\"https:\/\/vitalabtunisie.com\/wp-content\/uploads\/2022\/06\/factory.png\" class=\"service-icon attachment-thumbnail\" alt=\"\" title=\"factory\" \/><\/div><div class=\"service_text\"><h3>Industrie<\/h3><div class=\"cz_wpe_content\"><\/div><a href=\"http:\/\/vitalabtunisie.com\/?page_id=1442\" title=\"Services\" class=\"cz_btn\">Plus +<\/a><\/div><\/div><\/div>[\/vc_column_inner][vc_column_inner width=&#8221;1\/4&#8243; offset=&#8221;vc_col-md-1\/4&#8243;]<div class=\"fx_up_hover\"><div id=\"cz_41311\" class=\"cz_41311 services clr style11 cz_sbi_fx_10 services_b\"><div class=\"service_img services_img_have_hover\"><img decoding=\"async\" width=\"128\" height=\"128\" src=\"https:\/\/vitalabtunisie.com\/wp-content\/uploads\/2022\/06\/paw.png\" class=\"service-icon attachment-thumbnail\" alt=\"\" title=\"paw\" \/><img decoding=\"async\" width=\"128\" height=\"128\" src=\"https:\/\/vitalabtunisie.com\/wp-content\/uploads\/2022\/06\/paw1.png\" class=\"service-icon attachment-thumbnail\" alt=\"\" title=\"paw(1)\" \/><\/div><div class=\"service_text\"><h3>V\u00e9t\u00e9rinaire<\/h3><div class=\"cz_wpe_content\"><\/div><a href=\"http:\/\/vitalabtunisie.com\/?page_id=1442\" title=\"Services\" class=\"cz_btn\">Plus +<\/a><\/div><\/div><\/div>[\/vc_column_inner][vc_column_inner width=&#8221;1\/4&#8243;]<div class=\"fx_up_hover\"><div id=\"cz_90964\" class=\"cz_90964 services clr style11 cz_sbi_fx_10 services_b\"><div class=\"service_img services_img_have_hover\"><img decoding=\"async\" width=\"128\" height=\"128\" src=\"https:\/\/vitalabtunisie.com\/wp-content\/uploads\/2022\/06\/ecology-and-environment.png\" class=\"service-icon attachment-thumbnail\" alt=\"\" title=\"ecology-and-environment\" \/><img decoding=\"async\" width=\"128\" height=\"128\" src=\"https:\/\/vitalabtunisie.com\/wp-content\/uploads\/2022\/06\/ecology-and-environment1.png\" class=\"service-icon attachment-thumbnail\" alt=\"\" title=\"ecology-and-environment(1)\" \/><\/div><div class=\"service_text\"><h3>Environnement<\/h3><div class=\"cz_wpe_content\"><\/div><a href=\"http:\/\/vitalabtunisie.com\/?page_id=1442\" title=\"Services\" class=\"cz_btn\">Plus +<\/a><\/div><\/div><\/div>[\/vc_column_inner][vc_column_inner width=&#8221;1\/4&#8243;]<div class=\"fx_up_hover\"><div id=\"cz_52045\" class=\"cz_52045 services clr style11 cz_sbi_fx_10 services_b\"><div class=\"service_img services_img_have_hover\"><img decoding=\"async\" width=\"128\" height=\"128\" src=\"https:\/\/vitalabtunisie.com\/wp-content\/uploads\/2022\/06\/research.png\" class=\"service-icon attachment-thumbnail\" alt=\"\" title=\"research\" \/><img decoding=\"async\" width=\"128\" height=\"128\" src=\"https:\/\/vitalabtunisie.com\/wp-content\/uploads\/2022\/06\/research1.png\" class=\"service-icon attachment-thumbnail\" alt=\"\" title=\"research(1)\" \/><\/div><div class=\"service_text\"><h3>Recherche Biomol\u00e9culaire<\/h3><div class=\"cz_wpe_content\"><\/div><a href=\"http:\/\/vitalabtunisie.com\/?page_id=1442\" title=\"Services\" class=\"cz_btn\">Plus +<\/a><\/div><\/div><\/div>[\/vc_column_inner][\/vc_row_inner][\/vc_column][\/vc_row][vc_row full_width=&#8221;stretch_row&#8221; css=&#8221;.vc_custom_1569662678180{background-color: #0456b3 !important;}&#8221;][vc_column]<div class=\"cz_gap clr  hide_on_tablet hide_on_mobile\" style=\"height: 90px\"><\/div><div class=\"cz_gap show_on_tablet clr \" style=\"height: 0px\"><\/div>[\/vc_column][\/vc_row][vc_row full_width=&#8221;stretch_row&#8221; css=&#8221;.vc_custom_1569662678180{background-color: #0456b3 !important;}&#8221;][vc_column width=&#8221;1\/2&#8243;]<div class=\"cz_gap clr \" style=\"height: 5px\"><\/div>[\/vc_column][vc_column width=&#8221;1\/2&#8243; css=&#8221;.vc_custom_1569833803198{padding-right: 60px !important;padding-left: 60px !important;}&#8221;]<div id=\"cz_55416\" class=\"cz_55416 cz_title clr cz_smart_fs cz_mobile_text_center cz_title_pos_inline\"><div class=\"cz_title_shape shape_image cz_shape_1\"><img decoding=\"async\" width=\"128\" height=\"128\" src=\"https:\/\/vitalabtunisie.com\/wp-content\/uploads\/2022\/06\/blood-test-1.png\" class=\"attachment-full\" alt=\"\" title=\"blood-test-1\" \/><\/div><div class=\"cz_title_content\"><div class=\"cz_wpe_content\"><p><span style=\"font-size: 26px; color: #ffffff; font-weight: 200;\">Rapide et professionnel<\/span><\/p>\n<h3><strong><span style=\"font-size: 40px; color: #ffffff;\">Pourquoi choisir Vitalab ?<br \/>\n<\/span><\/strong><\/h3>\n<\/div><\/div><\/div>[\/vc_column][\/vc_row][vc_row full_width=&#8221;stretch_row_content_no_spaces&#8221;][vc_column width=&#8221;1\/2&#8243;]<div id=\"cz_77177\" class=\"cz_77177 cz_image clr cz_image_no_fx center_on_mobile\"><div class=\"\" ><div class=\"cz_image_in\"><div class=\"cz_main_image\"><img decoding=\"async\" width=\"835\" height=\"576\" src=\"https:\/\/vitalabtunisie.com\/wp-content\/uploads\/2022\/06\/lab.jpg\" class=\"attachment-full\" alt=\"\" title=\"lab\" srcset=\"https:\/\/vitalabtunisie.com\/wp-content\/uploads\/2022\/06\/lab.jpg 835w, https:\/\/vitalabtunisie.com\/wp-content\/uploads\/2022\/06\/lab-300x207.jpg 300w, https:\/\/vitalabtunisie.com\/wp-content\/uploads\/2022\/06\/lab-768x530.jpg 768w, https:\/\/vitalabtunisie.com\/wp-content\/uploads\/2022\/06\/lab-600x414.jpg 600w\" sizes=\"(max-width: 835px) 100vw, 835px\" \/><\/div><\/div><\/div><\/div>[\/vc_column][vc_column css=&#8221;.vc_custom_1569828032188{padding-left: 60px !important;}&#8221; offset=&#8221;vc_col-lg-6&#8243;]<div class=\"cz_gap clr  hide_on_tablet hide_on_mobile\" style=\"height: 100px\"><\/div><div class=\"cz_gap show_on_tablet clr \" style=\"height: 75px\"><\/div><ul id=\"cz_105291\" class=\"cz_105291 cz_stylish_list clr cz_sl_icon_hover_absorber\"><li class=\"clr\"><div class=\"cz_sl_icon\"><i class=\"fa czico-072-check-mark mr10\" ><\/i><\/div><div><span>Mat\u00e9riel<\/span><\/div><\/li><li class=\"clr\"><div class=\"cz_sl_icon\"><i class=\"fa czico-072-check-mark mr10\" ><\/i><\/div><div><span>Produits chimiques<\/span><\/div><\/li><li class=\"clr\"><div class=\"cz_sl_icon\"><i class=\"fa czico-072-check-mark mr10\" ><\/i><\/div><div><span>Microbiologie<\/span><\/div><\/li><li class=\"clr\"><div class=\"cz_sl_icon\"><i class=\"fa czico-072-check-mark mr10\" ><\/i><\/div><div><span>Biotechnologies<\/span><\/div><\/li><li class=\"clr\"><div class=\"cz_sl_icon\"><i class=\"fa czico-072-check-mark mr10\" ><\/i><\/div><div><span>HACCP<\/span><\/div><\/li><li class=\"clr\"><div class=\"cz_sl_icon\"><i class=\"fa czico-072-check-mark mr10\" ><\/i><\/div><div><span>Hygi\u00e8ne et s\u00e9curit\u00e9<\/span><\/div><\/li><li class=\"clr\"><div class=\"cz_sl_icon\"><i class=\"fa czico-072-check-mark mr10\" ><\/i><\/div><div><span>Pr\u00e9l\u00e8vement<\/span><\/div><\/li><li class=\"clr\"><div class=\"cz_sl_icon\"><i class=\"fa czico-072-check-mark mr10\" ><\/i><\/div><div><span>Mobilier<\/span><\/div><\/li><\/ul>[\/vc_column][\/vc_row][vc_row][vc_column]<div class=\"cz_gap clr  hide_on_tablet hide_on_mobile\" style=\"height: 160px\"><\/div><div class=\"cz_gap show_on_tablet clr \" style=\"height: 100px\"><\/div>[\/vc_column][\/vc_row][vc_row full_width=&#8221;stretch_row&#8221; css=&#8221;.vc_custom_1569765954597{border-top-width: 1px !important;background-image: url(http:\/\/vitalabtunisie.com\/wp-content\/uploads\/2019\/09\/background.jpg?id=1236) !important;background-position: center !important;background-repeat: no-repeat !important;background-size: cover !important;border-top-color: #e0e0e0 !important;border-top-style: solid !important;}&#8221;][vc_column]<div id=\"cz_99474\" class=\"cz_99474 cz_tabs clr cz_tabs_htc cz_tabs_flash xtra_custom_tabs\"><div class=\"cz_tabs_content\"><a class=\"cz_tab_a hide\" data-tab=\"cz_84341\" href=\"#\"><span class=\"cz_tab_in_title\">Service \u00e0 la carte<\/span><\/a><div id=\"cz_84341\" class=\"cz_tab\"><div>[vc_row_inner][vc_column_inner css=&#8221;.vc_custom_1569828390114{padding-right: 40px !important;padding-left: 40px !important;}&#8221; offset=&#8221;vc_col-md-6&#8243;]<div class=\"cz_gap clr \" style=\"height: 30px\"><\/div><div id=\"cz_59054\" class=\"cz_59054 cz_title clr cz_smart_fs cz_mobile_text_center cz_title_pos_inline\"><div class=\"cz_title_content\"><div class=\"cz_wpe_content\"><h3><span style=\"font-size: 36px;\"><strong>Service \u00e0 <span style=\"color: #0456b3;\">la carte<\/span><\/strong><\/span><\/h3>\n<\/div><\/div><\/div><div class=\"cz_gap clr \" style=\"height: 50px\"><\/div><div id=\"cz_43143\" class=\"cz_43143 cz_title clr cz_mobile_text_center cz_title_pos_inline\"><div class=\"cz_title_content\"><div class=\"cz_wpe_content\"><p><span style=\"font-size: 18px; color: #666666;\">Pour vos achats annuels et multi-sites, nous \u00e9tablissons une &#8220;offre march\u00e9&#8221; : des conditions pr\u00e9f\u00e9rentielles pour chaque site, selon vos volumes d\u2019achat globaux.<br \/>\n<\/span><\/p>\n<\/div><\/div><\/div><div class=\"cz_gap clr \" style=\"height: 75px\"><\/div><div class=\"cz_btn_left cz_mobile_btn_center\"><div class=\"cz_76276_p\"><a id=\"cz_76276\" class=\"cz_76276 cz_btn cz_btn_txt_move_up cz_btn_shine cz_btn_icon_after\" href=\"https:\/\/carthage-tech.net\/demo\/vitalab\/contact-us\/\" title=\"Contact Us\"><span><strong>Contactez le service<\/strong><i class=\"fa czico-188-arrows-2\"><\/i><\/span><b class=\"cz_btn_onhover\"><strong>Contactez le service<\/strong><i class=\"fa czico-188-arrows-2\"><\/i><\/b><\/a><\/div><\/div><div class=\"clr\"><\/div><div class=\"cz_gap clr  hide_on_tablet hide_on_mobile\" style=\"height: 0px\"><\/div><div class=\"cz_gap show_on_tablet clr \" style=\"height: 100px\"><\/div>[\/vc_column_inner][vc_column_inner offset=&#8221;vc_col-md-6&#8243;]<div id=\"cz_94740\" class=\"cz_94740 cz_image clr cz_image_no_fx cz_smart_fs center_on_mobile\"><div class=\"\" ><div class=\"cz_image_in\" data-tilt><div class=\"cz_main_image\"><img decoding=\"async\" width=\"2256\" height=\"1362\" src=\"https:\/\/vitalabtunisie.com\/wp-content\/uploads\/2022\/06\/service-a-la-carte-care.jpg\" class=\"attachment-full\" alt=\"\" title=\"service-a-la-carte-care\" srcset=\"https:\/\/vitalabtunisie.com\/wp-content\/uploads\/2022\/06\/service-a-la-carte-care.jpg 2256w, https:\/\/vitalabtunisie.com\/wp-content\/uploads\/2022\/06\/service-a-la-carte-care-300x181.jpg 300w, https:\/\/vitalabtunisie.com\/wp-content\/uploads\/2022\/06\/service-a-la-carte-care-1024x618.jpg 1024w, https:\/\/vitalabtunisie.com\/wp-content\/uploads\/2022\/06\/service-a-la-carte-care-768x464.jpg 768w, https:\/\/vitalabtunisie.com\/wp-content\/uploads\/2022\/06\/service-a-la-carte-care-1536x927.jpg 1536w, https:\/\/vitalabtunisie.com\/wp-content\/uploads\/2022\/06\/service-a-la-carte-care-2048x1236.jpg 2048w, https:\/\/vitalabtunisie.com\/wp-content\/uploads\/2022\/06\/service-a-la-carte-care-600x362.jpg 600w\" sizes=\"(max-width: 2256px) 100vw, 2256px\" \/><\/div><\/div><\/div><\/div>[\/vc_column_inner][\/vc_row_inner]<\/div><\/div><a class=\"cz_tab_a hide\" data-tab=\"cz_101583\" href=\"#\"><span class=\"cz_tab_in_title\">Suivi personnalis\u00e9<\/span><\/a><div id=\"cz_101583\" class=\"cz_tab\"><div>[vc_row_inner][vc_column_inner css=&#8221;.vc_custom_1569828390114{padding-right: 40px !important;padding-left: 40px !important;}&#8221; offset=&#8221;vc_col-md-6&#8243;]<div class=\"cz_gap clr \" style=\"height: 30px\"><\/div><div id=\"cz_99507\" class=\"cz_99507 cz_title clr cz_smart_fs cz_mobile_text_center cz_title_pos_inline\"><div class=\"cz_title_content\"><div class=\"cz_wpe_content\"><h3><span style=\"font-size: 36px;\"><strong>Suivi <span style=\"color: #0456b3;\">Personnalis\u00e9<\/span><\/strong><\/span><\/h3>\n<\/div><\/div><\/div><div class=\"cz_gap clr \" style=\"height: 50px\"><\/div><div id=\"cz_102394\" class=\"cz_102394 cz_title clr cz_mobile_text_center cz_title_pos_inline\"><div class=\"cz_title_content\"><div class=\"cz_wpe_content\"><p><span style=\"font-size: 18px; color: #666666;\">Une \u00e9quipe \u00e0 votre disposition chaque jour pour l\u2019accueil client, la gestion des devis, march\u00e9s, appels d\u2019offres, commandes, d\u00e9lais de livraison\u2026<br \/>\n<\/span><\/p>\n<\/div><\/div><\/div><div class=\"cz_gap clr \" style=\"height: 75px\"><\/div><div class=\"cz_btn_left cz_mobile_btn_center\"><div class=\"cz_19804_p\"><a id=\"cz_19804\" class=\"cz_19804 cz_btn cz_btn_txt_move_up cz_btn_shine cz_btn_icon_after\" href=\"https:\/\/carthage-tech.net\/demo\/vitalab\/contact-us\/\" title=\"Contact Us\"><span><strong>Contactez le service<\/strong><i class=\"fa czico-188-arrows-2\"><\/i><\/span><b class=\"cz_btn_onhover\"><strong>Contactez le service<\/strong><i class=\"fa czico-188-arrows-2\"><\/i><\/b><\/a><\/div><\/div><div class=\"clr\"><\/div><div class=\"cz_gap clr  hide_on_tablet hide_on_mobile\" style=\"height: 0px\"><\/div><div class=\"cz_gap show_on_tablet clr \" style=\"height: 100px\"><\/div>[\/vc_column_inner][vc_column_inner offset=&#8221;vc_col-md-6&#8243;]<div id=\"cz_50964\" class=\"cz_50964 cz_image clr cz_image_no_fx cz_smart_fs center_on_mobile\"><div class=\"\" ><div class=\"cz_image_in\" data-tilt><div class=\"cz_main_image\"><img decoding=\"async\" width=\"600\" height=\"398\" src=\"https:\/\/vitalabtunisie.com\/wp-content\/uploads\/2022\/06\/suivi.jpg\" class=\"attachment-full\" alt=\"\" title=\"suivi\" srcset=\"https:\/\/vitalabtunisie.com\/wp-content\/uploads\/2022\/06\/suivi.jpg 600w, https:\/\/vitalabtunisie.com\/wp-content\/uploads\/2022\/06\/suivi-300x199.jpg 300w\" sizes=\"(max-width: 600px) 100vw, 600px\" \/><\/div><\/div><\/div><\/div>[\/vc_column_inner][\/vc_row_inner]<\/div><\/div><a class=\"cz_tab_a hide\" data-tab=\"cz_66437\" href=\"#\"><span class=\"cz_tab_in_title\">Supports techniques<\/span><\/a><div id=\"cz_66437\" class=\"cz_tab\"><div>[vc_row_inner][vc_column_inner css=&#8221;.vc_custom_1569828390114{padding-right: 40px !important;padding-left: 40px !important;}&#8221; offset=&#8221;vc_col-md-6&#8243;]<div class=\"cz_gap clr \" style=\"height: 30px\"><\/div><div id=\"cz_35824\" class=\"cz_35824 cz_title clr cz_smart_fs cz_mobile_text_center cz_title_pos_inline\"><div class=\"cz_title_content\"><div class=\"cz_wpe_content\"><h3><span style=\"font-size: 36px;\"><strong>Supports <span style=\"color: #0456b3;\">Techniques<\/span><\/strong><\/span><\/h3>\n<\/div><\/div><\/div><div class=\"cz_gap clr \" style=\"height: 50px\"><\/div><div id=\"cz_94191\" class=\"cz_94191 cz_title clr cz_mobile_text_center cz_title_pos_inline\"><div class=\"cz_title_content\"><div class=\"cz_wpe_content\"><p><span style=\"font-size: 18px; color: #666666;\">Des supports techniques et applications sont \u00e0 votre disposition pour r\u00e9pondre au mieux \u00e0 vos demandes sp\u00e9cifiques.<br \/>\n<\/span><\/p>\n<\/div><\/div><\/div><div class=\"cz_gap clr \" style=\"height: 75px\"><\/div><div class=\"cz_btn_left cz_mobile_btn_center\"><div class=\"cz_110114_p\"><a id=\"cz_110114\" class=\"cz_110114 cz_btn cz_btn_txt_move_up cz_btn_shine cz_btn_icon_after\" href=\"https:\/\/carthage-tech.net\/demo\/vitalab\/contact-us\/\" title=\"Contact Us\"><span><strong>Contactez le service<\/strong><i class=\"fa czico-188-arrows-2\"><\/i><\/span><b class=\"cz_btn_onhover\"><strong>Contactez le service<\/strong><i class=\"fa czico-188-arrows-2\"><\/i><\/b><\/a><\/div><\/div><div class=\"clr\"><\/div><div class=\"cz_gap clr  hide_on_tablet hide_on_mobile\" style=\"height: 0px\"><\/div><div class=\"cz_gap show_on_tablet clr \" style=\"height: 100px\"><\/div>[\/vc_column_inner][vc_column_inner offset=&#8221;vc_col-md-6&#8243;]<div id=\"cz_76141\" class=\"cz_76141 cz_image clr cz_image_no_fx cz_smart_fs center_on_mobile\"><div class=\"\" ><div class=\"cz_image_in\" data-tilt><div class=\"cz_main_image\"><img decoding=\"async\" width=\"1400\" height=\"610\" src=\"https:\/\/vitalabtunisie.com\/wp-content\/uploads\/2022\/06\/support.jpg\" class=\"attachment-full\" alt=\"\" title=\"support\" srcset=\"https:\/\/vitalabtunisie.com\/wp-content\/uploads\/2022\/06\/support.jpg 1400w, https:\/\/vitalabtunisie.com\/wp-content\/uploads\/2022\/06\/support-300x131.jpg 300w, https:\/\/vitalabtunisie.com\/wp-content\/uploads\/2022\/06\/support-1024x446.jpg 1024w, https:\/\/vitalabtunisie.com\/wp-content\/uploads\/2022\/06\/support-768x335.jpg 768w, https:\/\/vitalabtunisie.com\/wp-content\/uploads\/2022\/06\/support-600x261.jpg 600w\" sizes=\"(max-width: 1400px) 100vw, 1400px\" \/><\/div><\/div><\/div><\/div>[\/vc_column_inner][\/vc_row_inner]<\/div><\/div><a class=\"cz_tab_a hide\" data-tab=\"cz_46537\" href=\"#\"><span class=\"cz_tab_in_title\">Support de Vente<\/span><\/a><div id=\"cz_46537\" class=\"cz_tab\"><div>[vc_row_inner][vc_column_inner css=&#8221;.vc_custom_1569828390114{padding-right: 40px !important;padding-left: 40px !important;}&#8221; offset=&#8221;vc_col-md-6&#8243;]<div class=\"cz_gap clr \" style=\"height: 30px\"><\/div><div id=\"cz_27217\" class=\"cz_27217 cz_title clr cz_smart_fs cz_mobile_text_center cz_title_pos_inline\"><div class=\"cz_title_content\"><div class=\"cz_wpe_content\"><h3><span style=\"font-size: 36px;\"><strong>Support de <span style=\"color: #0456b3;\">Vente<\/span><\/strong><\/span><\/h3>\n<\/div><\/div><\/div><div class=\"cz_gap clr \" style=\"height: 50px\"><\/div><div id=\"cz_63869\" class=\"cz_63869 cz_title clr cz_mobile_text_center cz_title_pos_inline\"><div class=\"cz_title_content\"><div class=\"cz_wpe_content\"><p><span style=\"font-size: 18px; color: #666666;\">Une Direction des ventes hyper sp\u00e9cialis\u00e9e, coupl\u00e9e \u00e0 une \u00e9quipe de Technico-commerciaux r\u00e9partis sur toute la Tunisie optimisent notre r\u00e9ponse client.<\/span><\/p>\n<\/div><\/div><\/div><div class=\"cz_gap clr \" style=\"height: 75px\"><\/div><div class=\"cz_btn_left cz_mobile_btn_center\"><div class=\"cz_97712_p\"><a id=\"cz_97712\" class=\"cz_97712 cz_btn cz_btn_txt_move_up cz_btn_shine cz_btn_icon_after\" href=\"https:\/\/carthage-tech.net\/demo\/vitalab\/contact-us\/\" title=\"Contact Us\"><span><strong>Contactez le service<\/strong><i class=\"fa czico-188-arrows-2\"><\/i><\/span><b class=\"cz_btn_onhover\"><strong>Contactez le service<\/strong><i class=\"fa czico-188-arrows-2\"><\/i><\/b><\/a><\/div><\/div><div class=\"clr\"><\/div><div class=\"cz_gap clr  hide_on_tablet hide_on_mobile\" style=\"height: 0px\"><\/div><div class=\"cz_gap show_on_tablet clr \" style=\"height: 100px\"><\/div>[\/vc_column_inner][vc_column_inner offset=&#8221;vc_col-md-6&#8243;]<div id=\"cz_45545\" class=\"cz_45545 cz_image clr cz_image_no_fx cz_smart_fs center_on_mobile\"><div class=\"\" ><div class=\"cz_image_in\" data-tilt><div class=\"cz_main_image\"><img decoding=\"async\" width=\"1280\" height=\"960\" src=\"https:\/\/vitalabtunisie.com\/wp-content\/uploads\/2022\/06\/vente.jpg\" class=\"attachment-full\" alt=\"\" title=\"vente\" srcset=\"https:\/\/vitalabtunisie.com\/wp-content\/uploads\/2022\/06\/vente.jpg 1280w, https:\/\/vitalabtunisie.com\/wp-content\/uploads\/2022\/06\/vente-300x225.jpg 300w, https:\/\/vitalabtunisie.com\/wp-content\/uploads\/2022\/06\/vente-1024x768.jpg 1024w, https:\/\/vitalabtunisie.com\/wp-content\/uploads\/2022\/06\/vente-768x576.jpg 768w, https:\/\/vitalabtunisie.com\/wp-content\/uploads\/2022\/06\/vente-600x450.jpg 600w\" sizes=\"(max-width: 1280px) 100vw, 1280px\" \/><\/div><\/div><\/div><\/div>[\/vc_column_inner][\/vc_row_inner]<\/div><\/div><\/div><\/div>[\/vc_column][\/vc_row][vc_row][vc_column]<div class=\"cz_gap clr \" style=\"height: 100px\"><\/div>[\/vc_column][\/vc_row]<\/p>\n","protected":false},"excerpt":{"rendered":"<p>[vc_row full_width=&#8221;stretch_row&#8221; css=&#8221;.vc_custom_1587187623931{padding-top: 100px !important;background-color: #0456b3 !important;}&#8221;][vc_column][vc_row_inner][vc_column_inner width=&#8221;1\/4&#8243; offset=&#8221;vc_col-md-1\/4&#8243;][\/vc_column_inner][vc_column_inner width=&#8221;1\/4&#8243; offset=&#8221;vc_col-md-1\/4&#8243;][\/vc_column_inner][vc_column_inner &#8230; <\/p>\n","protected":false},"author":1,"featured_media":0,"parent":0,"menu_order":0,"comment_status":"closed","ping_status":"closed","template":"","meta":{"footnotes":""},"class_list":["post-880","page","type-page","status-publish","hentry"],"_links":{"self":[{"href":"https:\/\/vitalabtunisie.com\/index.php?rest_route=\/wp\/v2\/pages\/880","targetHints":{"allow":["GET"]}}],"collection":[{"href":"https:\/\/vitalabtunisie.com\/index.php?rest_route=\/wp\/v2\/pages"}],"about":[{"href":"https:\/\/vitalabtunisie.com\/index.php?rest_route=\/wp\/v2\/types\/page"}],"author":[{"embeddable":true,"href":"https:\/\/vitalabtunisie.com\/index.php?rest_route=\/wp\/v2\/users\/1"}],"replies":[{"embeddable":true,"href":"https:\/\/vitalabtunisie.com\/index.php?rest_route=%2Fwp%2Fv2%2Fcomments&post=880"}],"version-history":[{"count":2,"href":"https:\/\/vitalabtunisie.com\/index.php?rest_route=\/wp\/v2\/pages\/880\/revisions"}],"predecessor-version":[{"id":1516,"href":"https:\/\/vitalabtunisie.com\/index.php?rest_route=\/wp\/v2\/pages\/880\/revisions\/1516"}],"wp:attachment":[{"href":"https:\/\/vitalabtunisie.com\/index.php?rest_route=%2Fwp%2Fv2%2Fmedia&parent=880"}],"curies":[{"name":"wp","href":"https:\/\/api.w.org\/{rel}","templated":true}]}}